{"id":2120,"date":"2019-12-16T03:08:59","date_gmt":"2019-12-16T03:08:59","guid":{"rendered":"http:\/\/source.wpopal.com\/taysta\/?page_id=2120"},"modified":"2021-02-22T17:32:11","modified_gmt":"2021-02-22T20:32:11","slug":"somos","status":"publish","type":"page","link":"https:\/\/arriendototal.cl\/site\/somos\/","title":{"rendered":"somos"},"content":{"rendered":"\t\t<div data-elementor-type=\"wp-page\" data-elementor-id=\"2120\" class=\"elementor elementor-2120\" data-elementor-settings=\"[]\">\n\t\t\t\t\t\t<div class=\"elementor-inner\">\n\t\t\t\t\t\t\t<div class=\"elementor-section-wrap\">\n\t\t\t\t\t\t\t<section class=\"elementor-section elementor-top-section elementor-element elementor-element-1ef28579 elementor-section-stretched elementor-section-boxed elementor-section-height-default elementor-section-height-default\" data-id=\"1ef28579\" data-element_type=\"section\" data-settings=\"{&quot;stretch_section&quot;:&quot;section-stretched&quot;,&quot;background_background&quot;:&quot;classic&quot;}\">\n\t\t\t\t\t\t<div class=\"elementor-container elementor-column-gap-no\">\n\t\t\t\t\t\t\t<div class=\"elementor-row\">\n\t\t\t\t\t<div class=\"elementor-column elementor-col-100 elementor-top-column elementor-element elementor-element-48148000\" data-id=\"48148000\" data-element_type=\"column\">\n\t\t\t<div class=\"elementor-column-wrap elementor-element-populated\">\n\t\t\t\t\t\t\t<div class=\"elementor-widget-wrap\">\n\t\t\t\t\t\t<div class=\"elementor-element elementor-element-1ae78b84 animated-fast elementor-invisible elementor-widget elementor-widget-heading\" data-id=\"1ae78b84\" data-element_type=\"widget\" data-settings=\"{&quot;_animation&quot;:&quot;opal-move-up&quot;}\" data-widget_type=\"heading.default\">\n\t\t\t\t<div class=\"elementor-widget-container\">\n\t\t\t<div class=\"elementor-heading-wrapper\" ><h2 class=\"elementor-heading-title elementor-size-default\">Arriendo Total<\/h2><div class=\"elementor-subtitle-wrapper\"><\/div><\/div>\t\t<\/div>\n\t\t\t\t<\/div>\n\t\t\t\t<div class=\"elementor-element elementor-element-2cfefde3 animated-fast elementor-invisible elementor-widget elementor-widget-heading\" data-id=\"2cfefde3\" data-element_type=\"widget\" data-settings=\"{&quot;_animation&quot;:&quot;opal-move-up&quot;}\" data-widget_type=\"heading.default\">\n\t\t\t\t<div class=\"elementor-widget-container\">\n\t\t\t<div class=\"elementor-heading-wrapper\" ><h2 class=\"elementor-heading-title elementor-size-default\">Arriendo de Vajillas, Cuchiller\u00eda, Manteler\u00eda, Mobiliario y Decoraci\u00f3n para Eventos<\/h2><div class=\"elementor-subtitle-wrapper\"><\/div><\/div>\t\t<\/div>\n\t\t\t\t<\/div>\n\t\t\t\t\t\t<\/div>\n\t\t\t\t\t<\/div>\n\t\t<\/div>\n\t\t\t\t\t\t\t\t<\/div>\n\t\t\t\t\t<\/div>\n\t\t<\/section>\n\t\t\t\t<section class=\"elementor-section elementor-top-section elementor-element elementor-element-6da9eb69 elementor-section-stretched elementor-section-full_width elementor-section-content-middle elementor-section-height-default elementor-section-height-default\" data-id=\"6da9eb69\" data-element_type=\"section\" data-settings=\"{&quot;stretch_section&quot;:&quot;section-stretched&quot;,&quot;background_background&quot;:&quot;classic&quot;}\">\n\t\t\t\t\t\t\t<div class=\"elementor-background-overlay\"><\/div>\n\t\t\t\t\t\t\t<div class=\"elementor-container elementor-column-gap-no\">\n\t\t\t\t\t\t\t<div class=\"elementor-row\">\n\t\t\t\t\t<div class=\"elementor-column elementor-col-100 elementor-top-column elementor-element elementor-element-1e5e17ba\" data-id=\"1e5e17ba\" data-element_type=\"column\">\n\t\t\t<div class=\"elementor-column-wrap elementor-element-populated\">\n\t\t\t\t\t\t\t<div class=\"elementor-widget-wrap\">\n\t\t\t\t\t\t<section class=\"elementor-section elementor-inner-section elementor-element elementor-element-56da6bbb elementor-section-full_width elementor-section-content-middle elementor-reverse-tablet elementor-reverse-mobile elementor-section-height-default elementor-section-height-default\" data-id=\"56da6bbb\" data-element_type=\"section\">\n\t\t\t\t\t\t<div class=\"elementor-container elementor-column-gap-no\">\n\t\t\t\t\t\t\t<div class=\"elementor-row\">\n\t\t\t\t\t<div class=\"elementor-column elementor-col-50 elementor-inner-column elementor-element elementor-element-11bf67af\" data-id=\"11bf67af\" data-element_type=\"column\">\n\t\t\t<div class=\"elementor-column-wrap elementor-element-populated\">\n\t\t\t\t\t\t\t<div class=\"elementor-widget-wrap\">\n\t\t\t\t\t\t<div class=\"elementor-element elementor-element-2e77dbb2 animated-fast elementor-invisible elementor-widget elementor-widget-heading\" data-id=\"2e77dbb2\" data-element_type=\"widget\" data-settings=\"{&quot;_animation&quot;:&quot;opal-move-up&quot;}\" data-widget_type=\"heading.default\">\n\t\t\t\t<div class=\"elementor-widget-container\">\n\t\t\t<div class=\"elementor-heading-wrapper\" ><h2 class=\"elementor-heading-title elementor-size-default\">Tu mejor evento es nuestro objetivo<\/h2><div class=\"elementor-subtitle-wrapper\"><\/div><\/div>\t\t<\/div>\n\t\t\t\t<\/div>\n\t\t\t\t<div class=\"elementor-element elementor-element-de2593e animated-fast elementor-invisible elementor-widget elementor-widget-text-editor\" data-id=\"de2593e\" data-element_type=\"widget\" data-settings=\"{&quot;_animation&quot;:&quot;opal-move-up&quot;}\" data-widget_type=\"text-editor.default\">\n\t\t\t\t<div class=\"elementor-widget-container\">\n\t\t\t        <div class=\"elementor-text-editor elementor-clearfix\">Arriendo Total, es una empresa que est\u00e1 al servicio del cliente, donde facilitamos todo para tu evento, desde el arriendo de la vajilla, cuchiller\u00eda, manteler\u00eda, mobiliario hasta la decoraci\u00f3n de tu evento. Contamos con productos Premium para realizar tu evento con la mayor elegancia y categor\u00eda.<\/div>\n        \t\t<\/div>\n\t\t\t\t<\/div>\n\t\t\t\t\t\t<\/div>\n\t\t\t\t\t<\/div>\n\t\t<\/div>\n\t\t\t\t<div class=\"elementor-column elementor-col-50 elementor-inner-column elementor-element elementor-element-43efff2d\" data-id=\"43efff2d\" data-element_type=\"column\">\n\t\t\t<div class=\"elementor-column-wrap elementor-element-populated\">\n\t\t\t\t\t\t\t<div class=\"elementor-widget-wrap\">\n\t\t\t\t\t\t<div class=\"elementor-element elementor-element-10471570 elementor-widget elementor-widget-opal-images-layers\" data-id=\"10471570\" data-element_type=\"widget\" data-widget_type=\"opal-images-layers.default\">\n\t\t\t\t<div class=\"elementor-widget-container\">\n\t\t\t\n        <div id=\"opal-img-layers-wrapper\" class=\"opal-img-layers-wrapper\">\n            <ul class=\"opal-img-layers-list-wrapper list-unstyled\">\n                \n                    <li class=\"opal-img-layers-list-item position-relative  elementor-repeater-item-24701bd\" data-layer-animation=\"opal-scale-up animated-fast\" >\n                                                    <img src=\"https:\/\/arriendototal.cl\/site\/wp-content\/uploads\/2020\/09\/manteleria.interior.jpg\" class=\"opal-img-layers-image\"\n                                 alt=\"\">\n\n                            \n                    <\/li>\n                \n                    <li class=\"opal-img-layers-list-item position-absolute  elementor-repeater-item-826c861\" data-layer-animation-delay=\"0.5\" data-layer-animation=\"opal-move-right animated-fast\" data-parallax=\"true\" data-rate=\"-10\">\n                                                    <img src=\"https:\/\/arriendototal.cl\/site\/wp-content\/uploads\/2020\/09\/vajilla-interior-300x200.jpg\" class=\"opal-img-layers-image\"\n                                 alt=\"\">\n\n                            \n                    <\/li>\n                \n                    <li class=\"opal-img-layers-list-item position-absolute  elementor-repeater-item-4a4e462\" data-layer-animation-delay=\"1.5\" data-layer-animation=\"opal-move-down animated-fast\" data-parallax=\"true\" data-rate=\"10\">\n                                                    <img src=\"https:\/\/arriendototal.cl\/site\/wp-content\/uploads\/2020\/09\/gal3-264x300.jpg\" class=\"opal-img-layers-image\"\n                                 alt=\"\">\n\n                            \n                    <\/li>\n                \n                    <li class=\"opal-img-layers-list-item position-absolute  elementor-repeater-item-dd045ed\" data-layer-animation-delay=\"1\" data-layer-animation=\"opal-move-left animated-fast\" data-parallax=\"true\" data-rate=\"-12\">\n                                                    <img src=\"https:\/\/arriendototal.cl\/site\/wp-content\/uploads\/2020\/09\/gal5.jpg\" class=\"opal-img-layers-image\"\n                                 alt=\"\">\n\n                            \n                    <\/li>\n                            <\/ul>\n        <\/div>\n\n    \t\t<\/div>\n\t\t\t\t<\/div>\n\t\t\t\t\t\t<\/div>\n\t\t\t\t\t<\/div>\n\t\t<\/div>\n\t\t\t\t\t\t\t\t<\/div>\n\t\t\t\t\t<\/div>\n\t\t<\/section>\n\t\t\t\t\t\t<\/div>\n\t\t\t\t\t<\/div>\n\t\t<\/div>\n\t\t\t\t\t\t\t\t<\/div>\n\t\t\t\t\t<\/div>\n\t\t<\/section>\n\t\t\t\t\t\t<\/div>\n\t\t\t\t\t\t<\/div>\n\t\t\t\t\t<\/div>\n\t\t","protected":false},"excerpt":{"rendered":"<p>Arriendo Total Arriendo de Vajillas, Cuchiller\u00eda, Manteler\u00eda, Mobiliario y Decoraci\u00f3n para Eventos Tu mejor evento es nuestro objetivo Arriendo Total, es una empresa que est\u00e1 al servicio del cliente, donde facilitamos todo para tu evento, desde el arriendo de la vajilla, cuchiller\u00eda, manteler\u00eda, mobiliario hasta la decoraci\u00f3n de tu evento. Contamos con productos Premium para &hellip; <\/p>\n<p class=\"link-more\"><a href=\"https:\/\/arriendototal.cl\/site\/somos\/\" class=\"more-link\">Read More <span class=\"screen-reader-text\"> \u00absomos\u00bb<\/span><\/a><\/p>\n","protected":false},"author":2,"featured_media":0,"parent":0,"menu_order":0,"comment_status":"closed","ping_status":"closed","template":"","meta":[],"yoast_head":"<!-- This site is optimized with the Yoast SEO plugin v17.7 - https:\/\/yoast.com\/wordpress\/plugins\/seo\/ -->\n<title>somos - Arriendo Total<\/title>\n<meta name=\"robots\" content=\"index, follow, max-snippet:-1, max-image-preview:large, max-video-preview:-1\" \/>\n<link rel=\"canonical\" href=\"https:\/\/arriendototal.cl\/site\/somos\/\" \/>\n<meta property=\"og:locale\" content=\"es_ES\" \/>\n<meta property=\"og:type\" content=\"article\" \/>\n<meta property=\"og:title\" content=\"somos - Arriendo Total\" \/>\n<meta property=\"og:description\" content=\"Arriendo Total Arriendo de Vajillas, Cuchiller\u00eda, Manteler\u00eda, Mobiliario y Decoraci\u00f3n para Eventos Tu mejor evento es nuestro objetivo Arriendo Total, es una empresa que est\u00e1 al servicio del cliente, donde facilitamos todo para tu evento, desde el arriendo de la vajilla, cuchiller\u00eda, manteler\u00eda, mobiliario hasta la decoraci\u00f3n de tu evento. Contamos con productos Premium para &hellip; Read More &quot;somos&quot;\" \/>\n<meta property=\"og:url\" content=\"https:\/\/arriendototal.cl\/site\/somos\/\" \/>\n<meta property=\"og:site_name\" content=\"Arriendo Total\" \/>\n<meta property=\"article:modified_time\" content=\"2021-02-22T20:32:11+00:00\" \/>\n<meta property=\"og:image\" content=\"http:\/\/arriendototal.cl\/site\/wp-content\/uploads\/2020\/09\/manteleria.interior.jpg\" \/>\n<meta name=\"twitter:card\" content=\"summary_large_image\" \/>\n<script type=\"application\/ld+json\" class=\"yoast-schema-graph\">{\"@context\":\"https:\/\/schema.org\",\"@graph\":[{\"@type\":\"WebSite\",\"@id\":\"https:\/\/arriendototal.cl\/site\/#website\",\"url\":\"https:\/\/arriendototal.cl\/site\/\",\"name\":\"Arriendo Total\",\"description\":\"Arriendo de Vajillas, Cuchiller\\u00eda, Manteler\\u00eda, Mobiliario y Decoraci\\u00f3n para Eventos\",\"potentialAction\":[{\"@type\":\"SearchAction\",\"target\":{\"@type\":\"EntryPoint\",\"urlTemplate\":\"https:\/\/arriendototal.cl\/site\/?s={search_term_string}\"},\"query-input\":\"required name=search_term_string\"}],\"inLanguage\":\"es\"},{\"@type\":\"ImageObject\",\"@id\":\"https:\/\/arriendototal.cl\/site\/somos\/#primaryimage\",\"inLanguage\":\"es\",\"url\":\"https:\/\/arriendototal.cl\/site\/wp-content\/uploads\/2020\/09\/manteleria.interior.jpg\",\"contentUrl\":\"https:\/\/arriendototal.cl\/site\/wp-content\/uploads\/2020\/09\/manteleria.interior.jpg\",\"width\":1920,\"height\":1280,\"caption\":\"Arriendo manteler\\u00eda\"},{\"@type\":\"WebPage\",\"@id\":\"https:\/\/arriendototal.cl\/site\/somos\/#webpage\",\"url\":\"https:\/\/arriendototal.cl\/site\/somos\/\",\"name\":\"somos - Arriendo Total\",\"isPartOf\":{\"@id\":\"https:\/\/arriendototal.cl\/site\/#website\"},\"primaryImageOfPage\":{\"@id\":\"https:\/\/arriendototal.cl\/site\/somos\/#primaryimage\"},\"datePublished\":\"2019-12-16T03:08:59+00:00\",\"dateModified\":\"2021-02-22T20:32:11+00:00\",\"breadcrumb\":{\"@id\":\"https:\/\/arriendototal.cl\/site\/somos\/#breadcrumb\"},\"inLanguage\":\"es\",\"potentialAction\":[{\"@type\":\"ReadAction\",\"target\":[\"https:\/\/arriendototal.cl\/site\/somos\/\"]}]},{\"@type\":\"BreadcrumbList\",\"@id\":\"https:\/\/arriendototal.cl\/site\/somos\/#breadcrumb\",\"itemListElement\":[{\"@type\":\"ListItem\",\"position\":1,\"name\":\"Portada\",\"item\":\"https:\/\/arriendototal.cl\/site\/\"},{\"@type\":\"ListItem\",\"position\":2,\"name\":\"somos\"}]}]}<\/script>\n<!-- \/ Yoast SEO plugin. -->","yoast_head_json":{"title":"somos - Arriendo Total","robots":{"index":"index","follow":"follow","max-snippet":"max-snippet:-1","max-image-preview":"max-image-preview:large","max-video-preview":"max-video-preview:-1"},"canonical":"https:\/\/arriendototal.cl\/site\/somos\/","og_locale":"es_ES","og_type":"article","og_title":"somos - Arriendo Total","og_description":"Arriendo Total Arriendo de Vajillas, Cuchiller\u00eda, Manteler\u00eda, Mobiliario y Decoraci\u00f3n para Eventos Tu mejor evento es nuestro objetivo Arriendo Total, es una empresa que est\u00e1 al servicio del cliente, donde facilitamos todo para tu evento, desde el arriendo de la vajilla, cuchiller\u00eda, manteler\u00eda, mobiliario hasta la decoraci\u00f3n de tu evento. Contamos con productos Premium para &hellip; Read More \"somos\"","og_url":"https:\/\/arriendototal.cl\/site\/somos\/","og_site_name":"Arriendo Total","article_modified_time":"2021-02-22T20:32:11+00:00","og_image":[{"url":"http:\/\/arriendototal.cl\/site\/wp-content\/uploads\/2020\/09\/manteleria.interior.jpg"}],"twitter_card":"summary_large_image","schema":{"@context":"https:\/\/schema.org","@graph":[{"@type":"WebSite","@id":"https:\/\/arriendototal.cl\/site\/#website","url":"https:\/\/arriendototal.cl\/site\/","name":"Arriendo Total","description":"Arriendo de Vajillas, Cuchiller\u00eda, Manteler\u00eda, Mobiliario y Decoraci\u00f3n para Eventos","potentialAction":[{"@type":"SearchAction","target":{"@type":"EntryPoint","urlTemplate":"https:\/\/arriendototal.cl\/site\/?s={search_term_string}"},"query-input":"required name=search_term_string"}],"inLanguage":"es"},{"@type":"ImageObject","@id":"https:\/\/arriendototal.cl\/site\/somos\/#primaryimage","inLanguage":"es","url":"https:\/\/arriendototal.cl\/site\/wp-content\/uploads\/2020\/09\/manteleria.interior.jpg","contentUrl":"https:\/\/arriendototal.cl\/site\/wp-content\/uploads\/2020\/09\/manteleria.interior.jpg","width":1920,"height":1280,"caption":"Arriendo manteler\u00eda"},{"@type":"WebPage","@id":"https:\/\/arriendototal.cl\/site\/somos\/#webpage","url":"https:\/\/arriendototal.cl\/site\/somos\/","name":"somos - Arriendo Total","isPartOf":{"@id":"https:\/\/arriendototal.cl\/site\/#website"},"primaryImageOfPage":{"@id":"https:\/\/arriendototal.cl\/site\/somos\/#primaryimage"},"datePublished":"2019-12-16T03:08:59+00:00","dateModified":"2021-02-22T20:32:11+00:00","breadcrumb":{"@id":"https:\/\/arriendototal.cl\/site\/somos\/#breadcrumb"},"inLanguage":"es","potentialAction":[{"@type":"ReadAction","target":["https:\/\/arriendototal.cl\/site\/somos\/"]}]},{"@type":"BreadcrumbList","@id":"https:\/\/arriendototal.cl\/site\/somos\/#breadcrumb","itemListElement":[{"@type":"ListItem","position":1,"name":"Portada","item":"https:\/\/arriendototal.cl\/site\/"},{"@type":"ListItem","position":2,"name":"somos"}]}]}},"_links":{"self":[{"href":"https:\/\/arriendototal.cl\/site\/wp-json\/wp\/v2\/pages\/2120"}],"collection":[{"href":"https:\/\/arriendototal.cl\/site\/wp-json\/wp\/v2\/pages"}],"about":[{"href":"https:\/\/arriendototal.cl\/site\/wp-json\/wp\/v2\/types\/page"}],"author":[{"embeddable":true,"href":"https:\/\/arriendototal.cl\/site\/wp-json\/wp\/v2\/users\/2"}],"replies":[{"embeddable":true,"href":"https:\/\/arriendototal.cl\/site\/wp-json\/wp\/v2\/comments?post=2120"}],"version-history":[{"count":6,"href":"https:\/\/arriendototal.cl\/site\/wp-json\/wp\/v2\/pages\/2120\/revisions"}],"predecessor-version":[{"id":3488,"href":"https:\/\/arriendototal.cl\/site\/wp-json\/wp\/v2\/pages\/2120\/revisions\/3488"}],"wp:attachment":[{"href":"https:\/\/arriendototal.cl\/site\/wp-json\/wp\/v2\/media?parent=2120"}],"curies":[{"name":"wp","href":"https:\/\/api.w.org\/{rel}","templated":true}]}}